{"id":1723,"date":"2021-09-28T00:00:00","date_gmt":"2021-09-28T04:00:00","guid":{"rendered":"http:\/\/www.wardjet.com\/terminos-y-condiciones\/"},"modified":"2021-09-28T00:03:52","modified_gmt":"2021-09-28T04:03:52","slug":"terminos-y-condiciones","status":"publish","type":"page","link":"https:\/\/www.wardjet.com\/es\/terminos-y-condiciones\/","title":{"rendered":"T\u00e9rminos y condiciones"},"content":{"rendered":"\n<h2 class=\"wp-block-heading\" data-block-type=\"core\">T\u00e9rminos y condiciones de WARDJet Inc<\/h2>\n\n<p data-block-type=\"core\">WARDJet INC. (\u201cWARDJet\u201d, \u201cNOSOTROS\u201d O \u201cNOSOTROS\u201d) Condiciones de uso del sitio web de Internet LOS T\u00c9RMINOS Y CONDICIONES ESTABLECIDOS A CONTINUACI\u00d3N (LOS \u00abT\u00c9RMINOS\u00bb) RIGEN EL USO DE ESTE SITIO EN LA WEB MUNDIAL. ESTOS T\u00c9RMINOS SON UN CONTRATO LEGAL ENTRE USTED Y WARDJet Y RIGEN SU ACCESO Y USO DEL SITIO WEB DE WARDJet UBICADO EN www.wardjet.com JUNTO CON LOS SERVICIOS Y PRODUCTOS DISPONIBLES A TRAV\u00c9S DE ESTE SITIO (EL \u00abSITIO\u00bb). SI NO EST\u00c1 DE ACUERDO CON ALGUNO DE ESTOS T\u00c9RMINOS, NO ACCEDA NI UTILICE DE OTRA MANERA ESTE SITIO O CUALQUIER INFORMACI\u00d3N CONTENIDA EN ESTE SITIO. SU USO DE ESTE SITIO SE CONSIDERAR\u00c1 COMO SU ACUERDO DE CUMPLIR CON CADA UNO DE LOS T\u00c9RMINOS ESTABLECIDOS A CONTINUACI\u00d3N. WARDJet PUEDE HACER CAMBIOS AL CONTENIDO, PRODUCTOS Y SERVICIOS OFRECIDOS EN ESTE SITIO EN CUALQUIER MOMENTO. WARDJet PUEDE CAMBIAR ESTOS T\u00c9RMINOS EN CUALQUIER MOMENTO PUBLICANDO T\u00c9RMINOS DE USO ACTUALIZADOS EN ESTE SITIO Y WARDJet PUEDE ENVIAR A LOS USUARIOS REGISTRADOS UN AVISO POR CORREO ELECTR\u00d3NICO DE LOS CAMBIOS. SI ALGUNA MODIFICACI\u00d3N ES INACEPTABLE PARA USTED, DEBER\u00c1 DEJAR DE UTILIZAR ESTE SITIO. SI NO DEJA DE UTILIZAR ESTE SITIO, SE CONSIDERAR\u00c1 EN CONCLUSI\u00d3N QUE HA ACEPTADO EL CAMBIO.<\/p>\n\n<h2 class=\"wp-block-heading\" data-block-type=\"core\">Restricciones generales de uso.<\/h2>\n\n<p data-block-type=\"core\">WARDJet proporciona contenido y servicios a trav\u00e9s de este Sitio. Cierta informaci\u00f3n, documentos, productos y servicios proporcionados en y a trav\u00e9s de este Sitio, incluidos el contenido, los logotipos, los gr\u00e1ficos y las im\u00e1genes (en conjunto, los \u00abMateriales\u00bb) que no son Env\u00edos (como se define a continuaci\u00f3n) le son proporcionados por WARDJet y est\u00e1n protegidos por derechos de autor. y \/ o trabajo de marca registrada de WARDJet o colaboradores de WARDJet.<br\/><br\/>WARDJet le otorga una licencia limitada, personal, no exclusiva e intransferible para usar, mostrar y hacer una copia de los Materiales y usar los servicios, este Sitio \u00fanicamente para su uso personal. Excepto por la licencia establecida en la oraci\u00f3n anterior, usted reconoce y acepta que no tiene derecho a modificar, editar, copiar, reproducir, crear trabajos derivados, realizar ingenier\u00eda inversa, alterar, mejorar o de alguna manera explotar cualquiera de los Materiales. de cualquier manera. Esta licencia limitada termina autom\u00e1ticamente, sin previo aviso, si incumple cualquiera de estos T\u00e9rminos. Al finalizar esta licencia limitada, usted acepta destruir inmediatamente cualquier Material descargado o impreso. Excepto como se indica en este documento, usted reconoce que no tiene ning\u00fan derecho, t\u00edtulo o inter\u00e9s en este Sitio, ning\u00fan Material.<\/p>\n\n<h2 class=\"wp-block-heading\" data-block-type=\"core\">\u00c1reas restringidas por contrase\u00f1a de este sitio.<\/h2>\n\n<p data-block-type=\"core\">Necesitar\u00e1 una contrase\u00f1a para iniciar sesi\u00f3n en este Sitio y para utilizar ciertas funciones y \u00e1reas dentro de este Sitio. Usted es responsable de mantener la confidencialidad de su contrase\u00f1a y cuenta, y acepta notificar a WARDJet si su contrase\u00f1a se pierde, se la roban o se divulga a un tercero no autorizado, o si se ha visto comprometida. Eres responsable de todas las actividades que se realicen en tu cuenta. Usted acepta notificar de inmediato a WARDJet sobre cualquier uso no autorizado de su cuenta o cualquier otra violaci\u00f3n de seguridad en relaci\u00f3n con este Sitio que conozca.<\/p>\n\n<h2 class=\"wp-block-heading\" data-block-type=\"core\">Compras.<\/h2>\n\n<p data-block-type=\"core\">Usted acepta pagar todas las tarifas o cargos a su cuenta de acuerdo con las tarifas, los cargos y los t\u00e9rminos de facturaci\u00f3n de WARDJet vigentes, como se muestra al finalizar la compra. Salvo que se indique expresamente en el Sitio, todos los precios que se muestran en el Sitio son los precios minoristas de lista est\u00e1ndar de WARDJet. Usted es responsable de pagar los impuestos que se apliquen. Si no paga a tiempo o si WARDJet no puede cargar su tarjeta de cr\u00e9dito, PayPal u otro m\u00e9todo de pago por cualquier motivo, WARDJet se reserva el derecho de suspender o cancelar su acceso al Sitio y la cuenta y rescindir estos T\u00e9rminos. Usted acepta expresamente que WARDJet puede facturarle las tarifas aplicables, cualquier impuesto aplicable y cualquier otro cargo en el que pueda incurrir en relaci\u00f3n con el uso de este Sitio y las tarifas se facturar\u00e1n a su tarjeta de cr\u00e9dito u otro m\u00e9todo de pago designado en su registro inicial en este Sitio y, posteriormente, a intervalos regulares durante el resto de la vigencia de estos T\u00e9rminos. Si cancela su cuenta en cualquier momento, no recibir\u00e1 ning\u00fan reembolso. Si tiene un saldo adeudado en alguna cuenta, acepta que WARDJet puede cobrar dichos cargos impagos a su tarjeta de cr\u00e9dito o facturarle dichos cargos impagos.<\/p>\n\n<h2 class=\"wp-block-heading\" data-block-type=\"core\">Correcci\u00f3n de errores e inexactitudes.<\/h2>\n\n<p data-block-type=\"core\">La informaci\u00f3n de este Sitio puede contener errores tipogr\u00e1ficos o inexactitudes y puede que no est\u00e9 completa o no est\u00e9 actualizada. Por lo tanto, nos reservamos el derecho de corregir cualquier error, inexactitud u omisi\u00f3n y de cambiar o actualizar la informaci\u00f3n en cualquier momento sin previo aviso (incluso despu\u00e9s de que haya enviado su pedido). Tenga en cuenta que dichos errores, inexactitudes u omisiones pueden estar relacionados con la descripci\u00f3n, el precio y la disponibilidad del producto. Tambi\u00e9n nos reservamos el derecho de limitar las cantidades (incluso despu\u00e9s de que haya enviado su pedido). Nos disculpamos por cualquier inconveniente que esto pueda causarle. El riesgo de p\u00e9rdida y la titularidad de los art\u00edculos comprados en este Sitio pasan al comprador en el momento de nuestra entrega al transportista.<\/p>\n\n<h2 class=\"wp-block-heading\" data-block-type=\"core\">Pol\u00edtica de privacidad.<\/h2>\n\n<p data-block-type=\"core\">Su uso de este sitio se rige por la Pol\u00edtica de privacidad de WARDJet, que est\u00e1 disponible en<a href=\"https:\/\/wardjet.com\/privacy-policy\" target=\"_blank\" rel=\"noopener\"> http:\/\/www.wardjet.com\/privacy-policy<\/a> (la \u00abPol\u00edtica de privacidad\u00bb).<\/p>\n\n<h2 class=\"wp-block-heading\" data-block-type=\"core\">Contenido de terceros.<\/h2>\n\n<p data-block-type=\"core\">Cierta informaci\u00f3n y otro contenido que no son Env\u00edos pueden ser proporcionados por terceros otorgantes de licencias y proveedores a WARDJet (\u00abContenido de terceros\u00bb). El Contenido de terceros es, en cada caso, el trabajo con derechos de autor y \/ o marca registrada del creador \/ licenciante. Usted acepta mostrar el Contenido de terceros en su computadora personal \u00fanicamente para su uso personal. Usted reconoce y acepta que no tiene derecho a descargar, almacenar en cach\u00e9, reproducir, modificar, mostrar (excepto como se establece en este p\u00e1rrafo), editar, alterar o mejorar el Contenido de terceros de ninguna manera a menos que tenga permiso del propietario. del contenido de terceros. WARDJet RENUNCIA A TODAS LAS GARANT\u00cdAS Y CONDICIONES EXPRESAS, IMPL\u00cdCITAS Y LEGALES CON RESPECTO AL CONTENIDO DE TERCEROS, INCLUYENDO, PERO NO LIMITADO A, TODAS LAS GARANT\u00cdAS IMPL\u00cdCITAS DE COMERCIABILIDAD, IDONEIDAD PARA UN PROP\u00d3SITO PARTICULAR Y NO INFRACCI\u00d3N.<\/p>\n\n<h2 class=\"wp-block-heading\" data-block-type=\"core\">Enlaces a sitios de terceros.<\/h2>\n\n<p data-block-type=\"core\">Este sitio puede estar vinculado a otros sitios que no son sitios de WARDJet. WARDJet le proporciona estos v\u00ednculos solo para su conveniencia, y WARDJet no es responsable de dichos sitios vinculados, incluidos, entre otros, el contenido o los v\u00ednculos que se muestran en dichos sitios.<\/p>\n\n<h2 class=\"wp-block-heading\" data-block-type=\"core\">Env\u00edos.<\/h2>\n\n<p data-block-type=\"core\">Usted reconoce que es responsable de las publicaciones, la informaci\u00f3n, las fotos, la informaci\u00f3n financiera y de contacto, los gr\u00e1ficos, los sonidos y otro contenido o material que env\u00ede, cargue, publique o ponga a disposici\u00f3n en el Sitio oa trav\u00e9s de \u00e9l (cada uno de ellos, un \u00abEnv\u00edo\u00bb). a trav\u00e9s de los servicios disponibles en relaci\u00f3n con este Sitio, y que usted, y no WARDJet, tiene la responsabilidad total de cada Env\u00edo que realice, incluida su legalidad, confiabilidad, idoneidad y propiedad de la marca registrada y los derechos de autor. A menos que se indique expl\u00edcitamente lo contrario en este documento o en la Pol\u00edtica de privacidad de WARDJet, usted acepta que cualquier Env\u00edo proporcionado por usted en relaci\u00f3n con este Sitio se proporciona de forma no confidencial y no patentada. Usted acepta que WARDJet es libre de usar un Env\u00edo con el prop\u00f3sito de brindarle los servicios asociados y le otorga a WARDJet una licencia sublicenciable, no exclusiva, mundial y libre de regal\u00edas para (en cualquier medio, ya sea conocido o no conocido o inventado actualmente). ) enlazar, utilizar, utilizar, realizar p\u00fablicamente, mostrar p\u00fablicamente, reproducir, distribuir, modificar y preparar trabajos derivados de la Presentaci\u00f3n. Adem\u00e1s, WARDJet acepta utilizar todos sus Env\u00edos de acuerdo con la Pol\u00edtica de privacidad de WARDJet aplicable a la informaci\u00f3n de identificaci\u00f3n personal. USTED CONSERVA LA PROPIEDAD DE CUALQUIER DERECHO DE AUTOR U OTROS DERECHOS DE PROPIEDAD INTELECTUAL APLICABLES A CUALQUIER INFORMACI\u00d3N QUE ENV\u00cdE A WARDJet, TALES COMO SUS ENV\u00cdOS. Adem\u00e1s, acepta que no cargar\u00e1, publicar\u00e1 ni pondr\u00e1 a disposici\u00f3n en este Sitio ning\u00fan material protegido por derechos de autor, marca comercial o cualquier otro derecho de propiedad sin el permiso expreso del propietario de dicho derecho de autor, marca registrada u otro derecho de propiedad propiedad de un tercero. parte, y la responsabilidad de determinar si alg\u00fan material est\u00e1 protegido por dicho derecho recae sobre usted. Usted ser\u00e1 el \u00fanico responsable de cualquier da\u00f1o resultante de cualquier infracci\u00f3n de derechos de autor, marcas comerciales, derechos de propiedad o cualquier otro da\u00f1o resultante de cualquier Env\u00edo que realice.<br\/><br\/>Usted declara y garantiza que: (i) usted es el propietario de todos los Env\u00edos publicados por usted en este Sitio oa trav\u00e9s de este o tiene el derecho de otorgar las licencias a WARDJet establecidas en esta secci\u00f3n y ha recibido todos los derechos y autorizaciones necesarios, (ii) la publicaci\u00f3n de sus Env\u00edos en oa trav\u00e9s de este Sitio no viola los derechos de privacidad, derechos de publicidad, derechos de marca registrada, derechos de autor, derechos contractuales o cualquier otro derecho de cualquier persona o entidad, y (iii) la Presentaci\u00f3n es precisa y usted mantendr\u00e1 su precisi\u00f3n. Usted acepta pagar todas las regal\u00edas, tarifas, da\u00f1os y cualquier otro dinero adeudado a cualquier persona en raz\u00f3n de los Env\u00edos publicados por usted en este Sitio oa trav\u00e9s de este.<br\/><br\/>Al enviar Env\u00edos o utilizar de otro modo este Sitio y \/ o los servicios, usted acepta, sin limitaci\u00f3n:<br\/><br\/>Difamar, abusar, acosar, acechar, amenazar o violar los derechos legales (como los derechos de privacidad y publicidad) de otros.<br\/>Usar lenguaje ofensivo racial, \u00e9tnico o de cualquier otro modo.<br\/>Discuta o incite a actividades ilegales.<br\/>Use lenguaje expl\u00edcito \/ obsceno o solicite \/ publique im\u00e1genes sexualmente expl\u00edcitas (reales o simuladas).<br\/>Publique cualquier cosa que explote a ni\u00f1os o menores o que represente crueldad hacia los animales.<br\/>Publique cualquier material con derechos de autor o marca registrada sin el permiso expreso del propietario.<br\/>Difundir cualquier publicidad no solicitada o no autorizada, materiales promocionales, &#8216;correo basura&#8217;, &#8216;spam&#8217;, &#8216;cartas en cadena&#8217;, &#8216;esquemas piramidales&#8217; o cualquier otra forma de solicitud.<br\/>Utilice robots, ara\u00f1as u otros medios autom\u00e1ticos para recopilar datos del usuario.<br\/>Utilice cualquiera de los Materiales, Env\u00edos o Contenido de terceros de una manera que sea competitiva con el Sitio.<br\/><br\/>Esta lista de prohibiciones proporciona ejemplos y no es completa ni exclusiva. WARDJet se reserva el derecho a (a) cancelar su acceso a su cuenta, su capacidad para publicar en este Sitio (o los servicios) y (b) rechazar, eliminar o eliminar cualquier Env\u00edo; con o sin causa y con o sin notificaci\u00f3n, por cualquier motivo o sin motivo, o por cualquier acci\u00f3n que WARDJet determine que es inapropiada o perjudicial para este Sitio o para cualquier otro usuario de este Sitio y \/ o servicios. WARDJet puede informar a las autoridades policiales sobre cualquier acci\u00f3n que pueda ser ilegal y cualquier informe que reciba de dicha conducta. Cuando sea requerido legalmente o a discreci\u00f3n de WARDJet, WARDJet cooperar\u00e1 con las agencias de aplicaci\u00f3n de la ley en cualquier investigaci\u00f3n de una supuesta actividad ilegal en este Sitio o en Internet.<br\/><br\/>Estas prohibiciones no requieren que WARDJet controle, controle o elimine cualquier Env\u00edo u otra informaci\u00f3n enviada por usted o cualquier otro usuario.<\/p>\n\n<h2 class=\"wp-block-heading\" data-block-type=\"core\">Actividades no autorizadas.<\/h2>\n\n<p data-block-type=\"core\">Las presentaciones y el uso no autorizado de cualquier Material o Contenido de terceros incluido en este Sitio pueden violar ciertas leyes y regulaciones. Usted acepta indemnizar y mantener a WARDJet y a sus funcionarios, directores, empleados, afiliados, agentes, otorgantes de licencias y socios comerciales indemnes de y contra todos y cada uno de los costos, da\u00f1os, responsabilidades y gastos (incluidos los honorarios de abogados y los costos de defensa) WARDJet o cualquier otra parte indemnizada sufre en relaci\u00f3n con, que surja de, o con el prop\u00f3sito de evitar, cualquier reclamo o demanda de un tercero de que su uso de este Sitio o el uso de este Sitio por cualquier persona que use su nombre de usuario y \/ o contrase\u00f1a (incluyendo, sin limitaci\u00f3n, su participaci\u00f3n en las \u00e1reas de publicaci\u00f3n o sus Env\u00edos) viola cualquier ley o reglamento aplicable, o los derechos de autor, derechos de marca registrada u otros derechos de cualquier tercero.<\/p>\n\n<h2 class=\"wp-block-heading\" data-block-type=\"core\">Derechos de propiedad.<\/h2>\n\n<p data-block-type=\"core\">WARDJet es una marca comercial de WARDJet en los Estados Unidos. Otras marcas comerciales, nombres y logotipos en este sitio son propiedad de sus respectivos due\u00f1os.<br\/><br\/>A menos que se especifique lo contrario en estos T\u00e9rminos, toda la informaci\u00f3n y las pantallas que aparecen en este Sitio, incluidos los documentos, los servicios, el dise\u00f1o del sitio, el texto, los gr\u00e1ficos, los logotipos, las im\u00e1genes y los iconos, as\u00ed como la disposici\u00f3n de los mismos, son propiedad exclusiva de WARDJet, Copyright \u00a9 2009 WARDJet. Todos los derechos no otorgados expresamente en este documento est\u00e1n reservados. Salvo que la ley aplicable exija o limite lo contrario, cualquier reproducci\u00f3n, distribuci\u00f3n, modificaci\u00f3n, retransmisi\u00f3n o publicaci\u00f3n de cualquier material con derechos de autor est\u00e1 estrictamente prohibida sin el consentimiento expreso por escrito del propietario o la licencia de los derechos de autor.<\/p>\n\n<h2 class=\"wp-block-heading\" data-block-type=\"core\">Renuncia de garant\u00edas.<\/h2>\n\n<p data-block-type=\"core\">Su uso de este Sitio y \/ o los servicios es bajo su propio riesgo. WARDJet no ha verificado ni autenticado ni los Materiales, los Env\u00edos ni el Contenido de terceros, total o parcialmente, y pueden incluir inexactitudes o errores tipogr\u00e1ficos o de otro tipo. WARDJet no garantiza la exactitud de la puntualidad de los Materiales, Env\u00edos o el Contenido de terceros incluidos en este Sitio. WARDJet no se hace responsable de ning\u00fan error u omisi\u00f3n en los Materiales, Env\u00edos y \/ o Contenido de terceros, ya sea que lo proporcione WARDJet o nuestros licenciantes. Es su responsabilidad investigar de forma independiente la precisi\u00f3n y la integridad de los Materiales, Env\u00edos y \/ o Contenido de terceros en este Sitio.<br\/><br\/>WARDJet, PARA SI MISMO Y SUS LICENCIANTES, NO HACE REPRESENTACIONES, GARANT\u00cdAS O GARANT\u00cdAS EXPRESAS, IMPL\u00cdCITAS O ESTATUTARIAS EN RELACI\u00d3N CON ESTE SITIO, LOS SERVICIOS O LOS PRODUCTOS OFRECIDOS EN ESTE SITIO, CUALQUIER MATERIAL, PRESENTACI\u00d3N O CONTENIDO DE TERCEROS, , IDONEIDAD, VERDAD, EXACTITUD O INTEGRIDAD DE CUALQUIER INFORMACI\u00d3N O MATERIAL CONTENIDO O PRESENTADO EN ESTE SITIO, INCLUYENDO SIN LIMITACI\u00d3N LOS MATERIALES, EL CONTENIDO DE TERCEROS Y LOS ENVIOS DE OTROS USUARIOS DE ESTE SITIO. A MENOS QUE SE INDIQUE EXPL\u00cdCITAMENTE, EN LA MEDIDA M\u00c1XIMA PERMITIDA POR LA LEY APLICABLE, ESTE SITIO, LOS PRODUCTOS, LOS SERVICIOS, MATERIALES, CONTENIDO DE TERCEROS, ENVIOS Y CUALQUIER INFORMACI\u00d3N O MATERIAL CONTENIDO O PRESENTADO EN ESTE SITIO SE LE PROPORCIONA EN UN \u00bb ES, \u201d\u201c SEG\u00daN DISPONIBILIDAD \u201dY\u201c DONDE SE ENCUENTRE \u201dSIN GARANT\u00cdA DE GARANT\u00cdA IMPL\u00cdCITA DE COMERCIABILIDAD, APTITUD PARA UN PROP\u00d3SITO PARTICULAR O NO INFRACCI\u00d3N DE DERECHOS DE TERCEROS. WARDJet NO OFRECE NINGUNA GARANT\u00cdA CONTRA VIRUS, SPYWARE O MALWARE QUE SE PUEDAN INSTALAR EN SU COMPUTADORA. LA EXENCI\u00d3N DE RESPONSABILIDAD ANTERIOR NO SE APLICA A NINGUNA GARANT\u00cdA DE PRODUCTO QUE SE LE ENV\u00cdE O SE LE PROPORCIONE CON EL PRODUCTO.<br\/><br\/>Limitaci\u00f3n de responsabilidad.<br\/><br\/>WARDJet NO SER\u00c1 RESPONSABLE ANTE USTED POR NING\u00daN DA\u00d1O QUE RESULTEN DE LA VISUALIZACI\u00d3N, COPIA O DESCARGA DE CUALQUIER MATERIAL, CONTENIDO DE TERCEROS O ENVIOS A O DESDE ESTE SITIO. EN NING\u00daN CASO WARDJet SER\u00c1 RESPONSABLE ANTE USTED POR CUALQUIER DA\u00d1O INDIRECTO, EXTRAORDINARIO, EJEMPLAR, PUNITIVO, ESPECIAL, INCIDENTAL O CONSECUENTE (INCLUYENDO P\u00c9RDIDA DE DATOS, INGRESOS, BENEFICIOS, USO U OTRAS VENTAJAS ECON\u00d3MICAS) EXISTE UNA POSIBILIDAD DE TAL DA\u00d1O.<br\/><br\/>CIERTOS ESTADOS NO PERMITEN LAS LIMITACIONES DE RESPONSABILIDAD ESTABLECIDAS ANTERIORMENTE, POR LO QUE ES POSIBLE QUE ESTA LIMITACI\u00d3N DE RESPONSABILIDAD NO SE APLIQUE EN SU CASO.<\/p>\n\n<h2 class=\"wp-block-heading\" data-block-type=\"core\">Leyes locales; Control de exportaci\u00f3n.<\/h2>\n\n<p data-block-type=\"core\">WARDJet controla y opera este Sitio desde su sede en los Estados Unidos de Am\u00e9rica y los Materiales, Env\u00edos y \/ o Contenido de terceros pueden no ser apropiados o no estar disponibles para su uso en otras ubicaciones. Si usa este Sitio fuera de los Estados Unidos de Am\u00e9rica, es responsable de seguir las leyes locales aplicables.<\/p>\n\n<h2 class=\"wp-block-heading\" data-block-type=\"core\">General.<\/h2>\n\n<p data-block-type=\"core\">Si viola estos T\u00e9rminos, WARDJet puede cancelar y \/ o suspender su acceso a este Sitio sin previo aviso. WARDJet prefiere avisarle de su comportamiento inapropiado y recomendarle cualquier acci\u00f3n correctiva necesaria. Sin embargo, ciertas violaciones de estos T\u00e9rminos, seg\u00fan lo determine WARDJet, pueden resultar en la terminaci\u00f3n inmediata de su acceso a este Sitio. WARDJet tiene el derecho de cancelar cualquier cuenta con contrase\u00f1a restringida por cualquier motivo. Las leyes de California y las leyes federales de los EE. UU. Que controlan, sin tener en cuenta la elecci\u00f3n o los conflictos de disposiciones legales, regir\u00e1n estos T\u00e9rminos. Cualquier disputa relacionada con estos T\u00e9rminos o este Sitio se conocer\u00e1 en los tribunales ubicados en California. Si se determina que alguno de estos T\u00e9rminos es incompatible con la ley aplicable, dicho t\u00e9rmino se interpretar\u00e1 para reflejar las intenciones de las partes y no se modificar\u00e1n otros t\u00e9rminos. El hecho de que WARDJet no haga cumplir cualquiera de estos T\u00e9rminos no constituye una renuncia a dicho t\u00e9rmino. Estos T\u00e9rminos son el acuerdo completo entre usted y WARDJet y reemplazan todas las negociaciones, discusiones o acuerdos anteriores o contempor\u00e1neos entre usted y WARDJet sobre este Sitio. Los derechos de propiedad, la renuncia de garant\u00edas, las representaciones hechas por usted, las indemnizaciones, las limitaciones de responsabilidad y las disposiciones generales sobrevivir\u00e1n a la terminaci\u00f3n de estos T\u00e9rminos.<\/p>\n\n<p data-block-type=\"core\"><\/p>\n\n<p data-block-type=\"core\"><\/p>\n","protected":false},"excerpt":{"rendered":"<p>T\u00e9rminos y condiciones de WARDJet Inc WARDJet INC. (\u201cWARDJet\u201d, \u201cNOSOTROS\u201d O \u201cNOSOTROS\u201d) Condiciones de uso del sitio web de Internet LOS T\u00c9RMINOS Y CONDICIONES ESTABLECIDOS A CONTINUACI\u00d3N (LOS \u00abT\u00c9RMINOS\u00bb) RIGEN EL USO DE ESTE SITIO EN LA WEB MUNDIAL. ESTOS T\u00c9RMINOS SON UN CONTRATO LEGAL ENTRE USTED Y WARDJet Y RIGEN SU ACCESO Y USO [&hellip;]<\/p>\n","protected":false},"author":11,"featured_media":0,"parent":0,"menu_order":0,"comment_status":"closed","ping_status":"closed","template":"wardjet-text.php","meta":{"_acf_changed":false,"inline_featured_image":false,"footnotes":"","_links_to":"","_links_to_target":""},"class_list":["post-1723","page","type-page","status-publish","hentry"],"acf":[],"_links":{"self":[{"href":"https:\/\/www.wardjet.com\/es\/wp-json\/wp\/v2\/pages\/1723"}],"collection":[{"href":"https:\/\/www.wardjet.com\/es\/wp-json\/wp\/v2\/pages"}],"about":[{"href":"https:\/\/www.wardjet.com\/es\/wp-json\/wp\/v2\/types\/page"}],"author":[{"embeddable":true,"href":"https:\/\/www.wardjet.com\/es\/wp-json\/wp\/v2\/users\/11"}],"replies":[{"embeddable":true,"href":"https:\/\/www.wardjet.com\/es\/wp-json\/wp\/v2\/comments?post=1723"}],"version-history":[{"count":3,"href":"https:\/\/www.wardjet.com\/es\/wp-json\/wp\/v2\/pages\/1723\/revisions"}],"predecessor-version":[{"id":1930,"href":"https:\/\/www.wardjet.com\/es\/wp-json\/wp\/v2\/pages\/1723\/revisions\/1930"}],"wp:attachment":[{"href":"https:\/\/www.wardjet.com\/es\/wp-json\/wp\/v2\/media?parent=1723"}],"curies":[{"name":"wp","href":"https:\/\/api.w.org\/{rel}","templated":true}]}}