{"id":1544,"date":"2021-09-27T22:55:57","date_gmt":"2021-09-28T02:55:57","guid":{"rendered":"http:\/\/www.wardjet.com\/termes-et-conditions\/"},"modified":"2021-09-27T22:56:00","modified_gmt":"2021-09-28T02:56:00","slug":"termes-et-conditions","status":"publish","type":"page","link":"https:\/\/www.wardjet.com\/fr\/termes-et-conditions\/","title":{"rendered":"termes et conditions"},"content":{"rendered":"\n<h2 class=\"wp-block-heading\" data-block-type=\"core\">Conditions g\u00e9n\u00e9rales de WARDJet Inc<\/h2>\n\n<p data-block-type=\"core\">Conditions d&rsquo;utilisation du site Internet de WARDJet INC. (\u00ab WARDJet \u00bb, \u00ab NOUS \u00bb OU \u00ab NOUS \u00bb) LES CONDITIONS G\u00c9N\u00c9RALES \u00c9NONC\u00c9ES CI-DESSOUS (LES \u00ab CONDITIONS \u00bb) R\u00c9GISSENT VOTRE UTILISATION DE CE SITE SUR LE WEB MONDIAL. CES CONDITIONS SONT UN CONTRAT JURIDIQUE ENTRE VOUS ET WARDJet ET R\u00c9GISSENT VOTRE ACC\u00c8S ET VOTRE UTILISATION DU SITE WEB WARDJet SITU\u00c9 \u00c0 www.wardjet.com AINSI QUE LES SERVICES ET PRODUITS DISPONIBLES SUR CE SITE (LE \u00ab SITE \u00bb). SI VOUS N&rsquo;\u00caTES PAS D&rsquo;ACCORD AVEC L&rsquo;UNE DE CES CONDITIONS, NE PAS ACC\u00c9DER OU UTILISER AUTREMENT CE SITE OU TOUTE INFORMATION CONTENUE SUR CE SITE. VOTRE UTILISATION DE CE SITE SERA CONSID\u00c9R\u00c9E COMME VOTRE ACCEPTATION DE RESPECTER CHACUNE DES CONDITIONS \u00c9NONC\u00c9ES CI-DESSOUS. WARDJet PEUT APPORTER DES MODIFICATIONS AU CONTENU, AUX PRODUITS ET SERVICES OFFERTS SUR CE SITE \u00c0 TOUT MOMENT. WARDJet PEUT MODIFIER CES CONDITIONS \u00c0 TOUT MOMENT EN AFFICHANT LES CONDITIONS D&rsquo;UTILISATION \u00c0 JOUR SUR CE SITE ET WARDJet PEUT ENVOYER AUX UTILISATEURS INSCRITS UN AVIS PAR COURRIEL DES MODIFICATIONS. SI UNE MODIFICATION VOUS EST INACCEPTABLE, VOUS CESSEREZ D&rsquo;UTILISER CE SITE. SI VOUS NE CESSEREZ PAS D&rsquo;UTILISER CE SITE, VOUS SEREZ CONSID\u00c9R\u00c9 DE FA\u00c7ON CONCLUSIVE AVOIR ACCEPT\u00c9 LE CHANGEMENT.<\/p>\n\n<h2 class=\"wp-block-heading\" data-block-type=\"core\">Restrictions g\u00e9n\u00e9rales d&rsquo;utilisation.<\/h2>\n\n<p data-block-type=\"core\">WARDJet fournit du contenu et des services via ce site. Certaines informations, documents, produits et services fournis sur et via ce Site, y compris le contenu, les logos, les graphiques et les images (ensemble, les \u00abMat\u00e9riels\u00bb) qui ne sont pas des Soumissions (tel que d\u00e9fini ci-dessous) vous sont fournis par WARDJet et sont prot\u00e9g\u00e9s par le droit d&rsquo;auteur. et\/ou le travail de marque d\u00e9pos\u00e9e de WARDJet ou des contributeurs de WARDJet.<br\/><br\/>WARDJet vous accorde une licence limit\u00e9e, personnelle, non exclusive et non transf\u00e9rable d&rsquo;utiliser et d&rsquo;afficher et de faire une copie du mat\u00e9riel et d&rsquo;utiliser les services, ce site uniquement pour votre usage personnel. \u00c0 l&rsquo;exception de la licence \u00e9nonc\u00e9e dans la phrase pr\u00e9c\u00e9dente ci-dessus, vous reconnaissez et acceptez que vous n&rsquo;avez aucun droit de modifier, \u00e9diter, copier, reproduire, cr\u00e9er des \u0153uvres d\u00e9riv\u00e9es, faire de l&rsquo;ing\u00e9nierie inverse, alt\u00e9rer, am\u00e9liorer ou exploiter de quelque mani\u00e8re que ce soit le mat\u00e9riel. de quelque mani\u00e8re que ce soit. Cette licence limit\u00e9e se termine automatiquement, sans pr\u00e9avis, si vous enfreignez l&rsquo;une de ces conditions. \u00c0 la r\u00e9siliation de cette licence limit\u00e9e, vous acceptez de d\u00e9truire imm\u00e9diatement tout mat\u00e9riel t\u00e9l\u00e9charg\u00e9 ou imprim\u00e9. Sauf indication contraire dans les pr\u00e9sentes, vous reconnaissez que vous n&rsquo;avez aucun droit, titre ou int\u00e9r\u00eat sur ou sur ce site, aucun mat\u00e9riel.<\/p>\n\n<h2 class=\"wp-block-heading\" data-block-type=\"core\">Zones restreintes par mot de passe de ce site.<\/h2>\n\n<p data-block-type=\"core\">Vous aurez besoin d&rsquo;un mot de passe pour vous connecter \u00e0 ce site et pour utiliser certaines fonctions et zones de ce site. Vous \u00eates responsable du maintien de la confidentialit\u00e9 de votre mot de passe et de votre compte, et acceptez d&rsquo;informer WARDJet si votre mot de passe est perdu, vol\u00e9 ou divulgu\u00e9 \u00e0 un tiers non autoris\u00e9, ou peut avoir \u00e9t\u00e9 compromis de toute autre mani\u00e8re. Vous \u00eates responsable de toutes les activit\u00e9s qui se produisent sous votre compte. Vous acceptez d&rsquo;informer imm\u00e9diatement WARDJet de toute utilisation non autoris\u00e9e de votre compte ou de toute autre violation de la s\u00e9curit\u00e9 en relation avec ce site dont vous avez connaissance.<\/p>\n\n<h2 class=\"wp-block-heading\" data-block-type=\"core\">Achats.<\/h2>\n\n<p data-block-type=\"core\">Vous acceptez de payer tous les frais ou charges sur votre compte en fonction des frais, charges et conditions de facturation de WARDJet en vigueur, comme indiqu\u00e9 au moment du paiement. Sauf indication expresse sur le Site, tous les prix affich\u00e9s sur le Site sont les prix de d\u00e9tail standard de WARDJet. Vous \u00eates responsable de payer toutes les taxes qui peuvent s&rsquo;appliquer. Si vous ne payez pas \u00e0 temps ou si WARDJet ne peut pas d\u00e9biter votre carte de cr\u00e9dit, PayPal ou tout autre mode de paiement pour quelque raison que ce soit, WARDJet se r\u00e9serve le droit de suspendre ou de r\u00e9silier votre acc\u00e8s au Site et au compte et de r\u00e9silier les pr\u00e9sentes Conditions. Vous acceptez express\u00e9ment que WARDJet soit autoris\u00e9 \u00e0 vous facturer les frais applicables, toute taxe applicable et tout autre frais que vous pourriez encourir dans le cadre de votre utilisation de ce site et les frais seront factur\u00e9s sur votre carte de cr\u00e9dit ou tout autre mode de paiement d\u00e9sign\u00e9 sur votre inscription initiale sur ce site, et par la suite \u00e0 intervalles r\u00e9guliers pour le reste de la dur\u00e9e des pr\u00e9sentes conditions. Si vous annulez votre compte \u00e0 tout moment, vous ne recevrez aucun remboursement. Si vous avez un solde d\u00fb sur un compte, vous acceptez que WARDJet puisse facturer ces frais impay\u00e9s sur votre carte de cr\u00e9dit ou vous facturer autrement ces frais impay\u00e9s.<\/p>\n\n<h2 class=\"wp-block-heading\" data-block-type=\"core\">Correction des erreurs et des inexactitudes.<\/h2>\n\n<p data-block-type=\"core\">Les informations sur ce site peuvent contenir des erreurs typographiques ou des inexactitudes et peuvent ne pas \u00eatre compl\u00e8tes ou \u00e0 jour. Nous nous r\u00e9servons donc le droit de corriger toute erreur, inexactitude ou omission et de modifier ou de mettre \u00e0 jour les informations \u00e0 tout moment sans pr\u00e9avis (y compris apr\u00e8s que vous ayez pass\u00e9 votre commande). Veuillez noter que de telles erreurs, inexactitudes ou omissions peuvent concerner la description, le prix et la disponibilit\u00e9 du produit. Nous nous r\u00e9servons \u00e9galement le droit de limiter les quantit\u00e9s (y compris apr\u00e8s que vous ayez pass\u00e9 votre commande). Nous vous prions de nous excuser pour toute g\u00eane occasionn\u00e9e. Le risque de perte et la propri\u00e9t\u00e9 des articles achet\u00e9s sur ce site sont transf\u00e9r\u00e9s \u00e0 l&rsquo;acheteur lors de notre livraison au transporteur.<\/p>\n\n<h2 class=\"wp-block-heading\" data-block-type=\"core\">Politique de confidentialit\u00e9.<\/h2>\n\n<p data-block-type=\"core\">Votre utilisation de ce site est r\u00e9gie par la politique de confidentialit\u00e9 de WARDJet, qui est disponible \u00e0 l&rsquo;adresse<a href=\"https:\/\/wardjet.com\/privacy-policy\" target=\"_blank\" rel=\"noopener\"> http:\/\/www.wardjet.com\/privacy-policy<\/a> (la \u00abPolitique de confidentialit\u00e9\u00bb).<\/p>\n\n<h2 class=\"wp-block-heading\" data-block-type=\"core\">Contenu tiers.<\/h2>\n\n<p data-block-type=\"core\">Certaines informations et autres contenus qui ne sont pas des soumissions peuvent \u00eatre fournis par des conc\u00e9dants de licence et des fournisseurs tiers \u00e0 WARDJet (\u00abcontenu tiers\u00bb). Le Contenu Tiers est, dans chaque cas, l&rsquo;\u0153uvre prot\u00e9g\u00e9e par le droit d&rsquo;auteur et\/ou la marque d\u00e9pos\u00e9e du cr\u00e9ateur\/conc\u00e9dant de licence. Vous acceptez de n&rsquo;afficher le Contenu Tiers sur votre ordinateur personnel que pour votre usage personnel. Vous reconnaissez et acceptez que vous n&rsquo;avez pas le droit de t\u00e9l\u00e9charger, mettre en cache, reproduire, modifier, afficher (sauf comme indiqu\u00e9 dans ce paragraphe), \u00e9diter, alt\u00e9rer ou am\u00e9liorer le contenu de tiers de quelque mani\u00e8re que ce soit, sauf si vous avez l&rsquo;autorisation du propri\u00e9taire. du Contenu Tiers. WARDJet D\u00c9CLINE TOUTES LES GARANTIES ET CONDITIONS EXPRESSES, IMPLICITES ET L\u00c9GALES CONCERNANT LE CONTENU DE TIERS, Y COMPRIS, MAIS SANS S&rsquo;Y LIMITER, TOUTES LES GARANTIES IMPLICITES DE QUALIT\u00c9 MARCHANDE, D&rsquo;ADAPTATION \u00c0 UN USAGE PARTICULIER ET D&rsquo;ABSENCE DE CONTREFA\u00c7ON.<\/p>\n\n<h2 class=\"wp-block-heading\" data-block-type=\"core\">Liens vers des sites tiers.<\/h2>\n\n<p data-block-type=\"core\">Ce site peut \u00eatre li\u00e9 \u00e0 d&rsquo;autres sites qui ne sont pas des sites WARDJet. WARDJet vous fournit ces liens uniquement pour votre commodit\u00e9, et WARDJet n&rsquo;est pas responsable de ces sites li\u00e9s, y compris, sans limitation, le contenu ou les liens affich\u00e9s sur ces sites.<\/p>\n\n<h2 class=\"wp-block-heading\" data-block-type=\"core\">Soumissions.<\/h2>\n\n<p data-block-type=\"core\">Vous reconnaissez que vous \u00eates responsable des publications, informations, photos, informations financi\u00e8res et de contact, graphiques, sons et autre contenu ou mat\u00e9riel que vous soumettez, t\u00e9l\u00e9chargez, publiez ou rendez autrement disponibles sur ou via le Site (chacun une \u00abSoumission\u00bb) via les services disponibles en relation avec ce site, et que vous, et non WARDJet, \u00eates enti\u00e8rement responsable de chacune de ces soumissions que vous faites, y compris sa l\u00e9galit\u00e9, sa fiabilit\u00e9, sa pertinence et la propri\u00e9t\u00e9 de la marque et du droit d&rsquo;auteur. Sauf indication contraire explicite dans les pr\u00e9sentes ou dans la politique de confidentialit\u00e9 de WARDJet, vous acceptez que toute soumission que vous fournissez dans le cadre de ce site est fournie sur une base non exclusive et non confidentielle. Vous acceptez que WARDJet soit libre d&rsquo;utiliser une Soumission dans le but de vous fournir les services associ\u00e9s et vous accordez \u00e0 WARDJet une licence sous-licenciable, non exclusive, mondiale et sans redevance pour (sur tout support, qu&rsquo;il soit maintenant connu ou non actuellement connu ou invent\u00e9 ) cr\u00e9er un lien vers, utiliser, utiliser, ex\u00e9cuter publiquement, afficher publiquement, reproduire, distribuer, modifier et pr\u00e9parer des \u0153uvres d\u00e9riv\u00e9es de la soumission. De plus, WARDJet accepte d&rsquo;utiliser toutes vos soumissions conform\u00e9ment \u00e0 la politique de confidentialit\u00e9 de WARDJet applicable aux informations personnellement identifiables. VOUS CONSERVEZ LA PROPRI\u00c9T\u00c9 DE TOUS LES DROITS D&rsquo;AUTEUR OU AUTRES DROITS DE PROPRI\u00c9T\u00c9 INTELLECTUELLE APPLICABLES \u00c0 TOUTE INFORMATION QUE VOUS SOUMISEZ \u00c0 WARDJet, TELLE QUE VOS SOUMISSIONS. Vous acceptez en outre de ne pas t\u00e9l\u00e9charger, publier ou rendre disponible sur ce site tout mat\u00e9riel prot\u00e9g\u00e9 par le droit d&rsquo;auteur, une marque de commerce ou tout autre droit de propri\u00e9t\u00e9 sans l&rsquo;autorisation expresse du propri\u00e9taire de ce droit d&rsquo;auteur, de cette marque de commerce ou de tout autre droit de propri\u00e9t\u00e9 appartenant \u00e0 un tiers. partie, et le fardeau de d\u00e9terminer si un mat\u00e9riel est prot\u00e9g\u00e9 par un tel droit vous incombe. Vous serez seul responsable de tout dommage r\u00e9sultant de toute violation des droits d&rsquo;auteur, des marques de commerce, des droits de propri\u00e9t\u00e9 ou de tout autre dommage r\u00e9sultant de toute soumission que vous faites.<br\/><br\/>Vous d\u00e9clarez et garantissez que: (i) vous poss\u00e9dez toutes les soumissions que vous publiez sur ou via ce site ou avez le droit d&rsquo;accorder les licences \u00e0 WARDJet \u00e9nonc\u00e9es dans cette section et avez re\u00e7u tous les droits et autorisations n\u00e9cessaires, (ii) la publication de vos soumissions sur ou via ce site ne viole pas les droits de confidentialit\u00e9, les droits de publicit\u00e9, les droits de marque, les droits d&rsquo;auteur, les droits contractuels ou tout autre droit de toute personne ou entit\u00e9, et (iii) la soumission est exacte et son exactitude sera maintenue par vous. Vous acceptez de payer toutes les redevances, frais, dommages et autres sommes dues \u00e0 toute personne en raison de toute soumission publi\u00e9e par vous sur ou via ce site.<br\/><br\/>Lorsque vous soumettez des soumissions \u00e0 ou utilisez autrement ce site et\/ou les services, vous acceptez de ne pas, sans limitation:<br\/><br\/>Diffamer, abuser, harceler, traquer, menacer ou violer de toute autre mani\u00e8re les droits l\u00e9gaux (tels que les droits \u00e0 la vie priv\u00e9e et \u00e0 la publicit\u00e9) d&rsquo;autrui.<br\/>Utilisez un langage raciste, ethnique ou autrement offensant.<br\/>Discuter ou inciter \u00e0 des activit\u00e9s ill\u00e9gales.<br\/>Utilisez un langage explicite\/obsc\u00e8ne ou sollicitez\/publiez des images sexuellement explicites (r\u00e9elles ou simul\u00e9es).<br\/>Publiez tout ce qui exploite des enfants ou des mineurs ou qui d\u00e9peint la cruaut\u00e9 envers les animaux.<br\/>Publiez tout mat\u00e9riel prot\u00e9g\u00e9 par des droits d&rsquo;auteur ou une marque de commerce sans l&rsquo;autorisation expresse du propri\u00e9taire.<br\/>Diffuser toute publicit\u00e9 non sollicit\u00e9e ou non autoris\u00e9e, tout mat\u00e9riel promotionnel, \u00abcourrier ind\u00e9sirable\u00bb, \u00abspam\u00bb, \u00abcha\u00eenes de lettres\u00bb, \u00absyst\u00e8mes pyramidaux\u00bb, ou toute autre forme d&rsquo;une telle sollicitation.<br\/>Utilisez des robots, des araign\u00e9es ou d&rsquo;autres moyens automatiques pour r\u00e9colter les donn\u00e9es des utilisateurs.<br\/>Utiliser tout mat\u00e9riel, soumissions ou contenu de tiers d&rsquo;une mani\u00e8re qui soit comp\u00e9titive par rapport au site.<br\/><br\/>Cette liste d&rsquo;interdictions fournit des exemples et n&rsquo;est ni compl\u00e8te ni exclusive. WARDJet se r\u00e9serve le droit de (a) r\u00e9silier votre acc\u00e8s \u00e0 votre compte, votre capacit\u00e9 \u00e0 publier sur ce site (ou les services) et (b) refuser, supprimer ou retirer toute Soumission; avec ou sans motif et avec ou sans pr\u00e9avis, pour quelque raison que ce soit ou sans motif, ou pour toute action que WARDJet juge inappropri\u00e9e ou perturbatrice pour ce site ou pour tout autre utilisateur de ce site et\/ou de ses services. WARDJet peut signaler aux autorit\u00e9s charg\u00e9es de l&rsquo;application de la loi toute action pouvant \u00eatre ill\u00e9gale et tout signalement qu&rsquo;elle re\u00e7oit d&rsquo;une telle conduite. Lorsque la loi l&rsquo;exige ou \u00e0 la discr\u00e9tion de WARDJet, WARDJet coop\u00e9rera avec les organismes charg\u00e9s de l&rsquo;application de la loi dans toute enqu\u00eate sur une activit\u00e9 ill\u00e9gale pr\u00e9sum\u00e9e sur ce site ou sur Internet.<br\/><br\/>Ces interdictions n&rsquo;exigent pas que WARDJet surveille, contr\u00f4le ou supprime toute soumission ou autre information soumise par vous ou tout autre utilisateur.<\/p>\n\n<h2 class=\"wp-block-heading\" data-block-type=\"core\">Activit\u00e9s non autoris\u00e9es.<\/h2>\n\n<p data-block-type=\"core\">Les soumissions et l&rsquo;utilisation non autoris\u00e9e de tout mat\u00e9riel ou contenu de tiers contenu sur ce site peuvent enfreindre certaines lois et r\u00e9glementations. Vous acceptez d&rsquo;indemniser et de tenir WARDJet et ses dirigeants, administrateurs, employ\u00e9s, soci\u00e9t\u00e9s affili\u00e9es, agents, conc\u00e9dants de licence et partenaires commerciaux indemnes de et contre tous les co\u00fbts, dommages, responsabilit\u00e9s et d\u00e9penses (y compris les honoraires d&rsquo;avocat et les frais de d\u00e9fense) WARDJet ou toute autre partie indemnis\u00e9e souffre en relation avec, r\u00e9sultant de, ou dans le but d&rsquo;\u00e9viter, toute r\u00e9clamation ou demande d&rsquo;un tiers que votre utilisation de ce Site ou l&rsquo;utilisation de ce Site par toute personne utilisant votre nom d&rsquo;utilisateur et\/ou mot de passe (y compris, sans limitation, votre participation aux zones de publication ou \u00e0 vos soumissions) viole toute loi ou r\u00e9glementation applicable, ou les droits d&rsquo;auteur, les droits de marque ou d&rsquo;autres droits de tout tiers.<\/p>\n\n<h2 class=\"wp-block-heading\" data-block-type=\"core\">Droits de propri\u00e9t\u00e9.<\/h2>\n\n<p data-block-type=\"core\">WARDJet est une marque d\u00e9pos\u00e9e de WARDJet aux \u00c9tats-Unis. Les autres marques, noms et logos sur ce site sont la propri\u00e9t\u00e9 de leurs propri\u00e9taires respectifs.<br\/><br\/>Sauf indication contraire dans les pr\u00e9sentes Conditions, toutes les informations et \u00e9crans apparaissant sur ce Site, y compris les documents, services, conception du site, textes, graphiques, logos, images et ic\u00f4nes, ainsi que leur disposition, sont la propri\u00e9t\u00e9 exclusive de WARDJet, Copyright \u00a9 2009 WARDJet. Tous les droits non express\u00e9ment accord\u00e9s aux pr\u00e9sentes sont r\u00e9serv\u00e9s. Sauf indication contraire ou limit\u00e9e par la loi en vigueur, toute reproduction, distribution, modification, retransmission ou publication de tout mat\u00e9riel prot\u00e9g\u00e9 par le droit d&rsquo;auteur est strictement interdite sans le consentement \u00e9crit expr\u00e8s du propri\u00e9taire du droit d&rsquo;auteur ou de la licence.<\/p>\n\n<h2 class=\"wp-block-heading\" data-block-type=\"core\">Exclusion de garanties.<\/h2>\n\n<p data-block-type=\"core\">Votre utilisation de ce site et\/ou des services est \u00e0 vos risques et p\u00e9rils. Ni le mat\u00e9riel, ni les soumissions, ni le contenu tiers n&rsquo;ont \u00e9t\u00e9 v\u00e9rifi\u00e9s ou authentifi\u00e9s en tout ou en partie par WARDJet, et ils peuvent contenir des inexactitudes ou des erreurs typographiques ou autres. WARDJet ne garantit pas l&rsquo;exactitude de l&rsquo;actualit\u00e9 des documents, des soumissions ou du contenu de tiers contenus sur ce site. WARDJet n&rsquo;est pas responsable des erreurs ou omissions dans les Documents, les Soumissions et\/ou le Contenu de tiers, qu&rsquo;ils soient fournis par WARDJet ou nos conc\u00e9dants de licence. Il est de votre responsabilit\u00e9 d&rsquo;enqu\u00eater de mani\u00e8re ind\u00e9pendante sur l&rsquo;exactitude et l&rsquo;exhaustivit\u00e9 du mat\u00e9riel, des soumissions et\/ou du contenu de tiers sur ce site.<br\/><br\/>WARDJet, POUR LUI-M\u00caME ET SES CONC\u00c9DANTS DE LICENCE, NE FAIT AUCUNE REPR\u00c9SENTATION, GARANTIE OU GARANTIE EXPRESSE, IMPLICITE OU STATUTAIRE EN RAPPORT AVEC CE SITE, LES SERVICES OU LES PRODUITS PROPOS\u00c9S SUR CE SITE, TOUT MAT\u00c9RIEL, SOUMISSION OU CONTENU DE TIERS, RELATIVE \u00c0 LA QUALIT\u00c9, , LA PERTINENCE, LA V\u00c9RIT\u00c9, L&rsquo;EXACTITUDE OU L&rsquo;EXHAUSTIVIT\u00c9 DE TOUTE INFORMATION OU MAT\u00c9RIEL CONTENU OU PR\u00c9SENT\u00c9 SUR CE SITE, Y COMPRIS, SANS LIMITATION, LE MAT\u00c9RIEL, LE CONTENU DE TIERS ET LES SOUMISSIONS D&rsquo;AUTRES UTILISATEURS DE CE SITE. SAUF INDICATION EXPLICITE AUTREMENT, DANS LA MESURE MAXIMALE PERMISE PAR LA LOI APPLICABLE, CE SITE, LES PRODUITS, LES SERVICES, LES MATERIAUX, LE CONTENU DE TIERS, LES SOUMISSIONS ET TOUTE INFORMATION OU MATERIEL CONTENUS OU PRESENTES SUR CE SITE VOUS SONT FOURNIS SUR UN \u00ab AS EST \u00bb, \u00ab TEL QUE DISPONIBLE \u00bb ET \u00ab O EST \u00bb SANS GARANTIE DE GARANTIE IMPLICITE DE QUALIT\u00c9 MARCHANDE, D&rsquo;ADAPTATION \u00c0 UN USAGE PARTICULIER OU DE NON-VIOLATION DES DROITS DE TIERS. WARDJet NE FOURNIT AUCUNE GARANTIE CONTRE LES VIRUS, LES SPYWARE OU LES MALWARE QUI PEUVENT \u00caTRE INSTALL\u00c9S SUR VOTRE ORDINATEUR. L&rsquo;AVIS DE NON-RESPONSABILIT\u00c9 CI-DESSUS NE S&rsquo;APPLIQUE \u00c0 AUCUNE GARANTIE DE PRODUIT QUI VOUS A \u00c9T\u00c9 EXP\u00c9DI\u00c9E OU VOUS FOURNI AVEC LE PRODUIT.<br\/><br\/>Limitation de responsabilit\u00e9.<br\/><br\/>WARDJet NE SAURAIT \u00caTRE TENU RESPONSABLE DE TOUT DOMMAGE R\u00c9SULTANT DE L&rsquo;AFFICHAGE, DE LA COPIE OU DU T\u00c9L\u00c9CHARGEMENT DE TOUT MAT\u00c9RIEL, DU CONTENU DE TIERS OU DES SOUMISSIONS SUR OU \u00c0 PARTIR DE CE SITE. EN AUCUN CAS, WARDJet NE SERA TENU RESPONSABLE ENVERS VOUS DE TOUT DOMMAGE INDIRECT, EXTRAORDINAIRE, EXEMPLAIRE, PUNITIF, SP\u00c9CIAL, ACCESSOIRE OU CONS\u00c9CUTIF (Y COMPRIS LA PERTE DE DONN\u00c9ES, DE REVENUS, DE B\u00c9N\u00c9FICES, D&rsquo;UTILISATION OU AUTRE AVANTAGE \u00c9CONOMIQUE) EST UNE POSSIBILIT\u00c9 DE TELS DOMMAGES.<br\/><br\/>CERTAINS \u00c9TATS N&rsquo;AUTORISENT PAS LES LIMITATIONS DE RESPONSABILIT\u00c9 \u00c9NONC\u00c9ES CI-DESSUS, ET CETTE LIMITATION DE RESPONSABILIT\u00c9 PEUT NE PAS S&rsquo;APPLIQUER \u00c0 VOUS.<\/p>\n\n<h2 class=\"wp-block-heading\" data-block-type=\"core\">lois locales; Contr\u00f4le des exportations.<\/h2>\n\n<p data-block-type=\"core\">WARDJet contr\u00f4le et exploite ce site depuis son si\u00e8ge social aux \u00c9tats-Unis d&rsquo;Am\u00e9rique et les mat\u00e9riaux, les soumissions et\/ou le contenu de tiers peuvent ne pas \u00eatre appropri\u00e9s ou disponibles pour une utilisation dans d&rsquo;autres endroits. Si vous utilisez ce site en dehors des \u00c9tats-Unis d&rsquo;Am\u00e9rique, vous \u00eates responsable du respect des lois locales applicables.<\/p>\n\n<h2 class=\"wp-block-heading\" data-block-type=\"core\">G\u00e9n\u00e9ral.<\/h2>\n\n<p data-block-type=\"core\">Si vous violez ces conditions, WARDJet peut r\u00e9silier et\/ou suspendre votre acc\u00e8s \u00e0 ce site sans pr\u00e9avis. WARDJet pr\u00e9f\u00e8re vous informer de votre comportement inappropri\u00e9 et recommander toute action corrective n\u00e9cessaire. Cependant, certaines violations de ces conditions, telles que d\u00e9termin\u00e9es par WARDJet, peuvent entra\u00eener la r\u00e9siliation imm\u00e9diate de votre acc\u00e8s \u00e0 ce site. WARDJet a le droit de r\u00e9silier tout compte restreint par mot de passe pour quelque raison que ce soit. La loi californienne et la loi f\u00e9d\u00e9rale am\u00e9ricaine r\u00e9gissant, sans \u00e9gard au choix ou aux dispositions relatives aux conflits de lois, r\u00e9giront les pr\u00e9sentes Conditions. Tout litige relatif \u00e0 ces Conditions ou \u00e0 ce Site sera entendu par les tribunaux situ\u00e9s en Californie. Si l&rsquo;une de ces conditions s&rsquo;av\u00e8re incompatible avec la loi applicable, cette condition sera interpr\u00e9t\u00e9e pour refl\u00e9ter les intentions des parties, et aucune autre condition ne sera modifi\u00e9e. L&rsquo;\u00e9chec de WARDJet \u00e0 appliquer l&rsquo;une de ces conditions ne constitue pas une renonciation \u00e0 ces conditions. Les pr\u00e9sentes Conditions constituent l&rsquo;int\u00e9gralit\u00e9 de l&rsquo;accord entre vous et WARDJet et remplacent toutes les n\u00e9gociations, discussions ou accords ant\u00e9rieurs ou contemporains entre vous et WARDJet concernant ce Site. Les droits de propri\u00e9t\u00e9, l&rsquo;exclusion de garanties, les d\u00e9clarations faites par vous, les indemnit\u00e9s, les limitations de responsabilit\u00e9 et les dispositions g\u00e9n\u00e9rales survivront \u00e0 toute r\u00e9siliation des pr\u00e9sentes Conditions.<\/p>\n\n<p data-block-type=\"core\"><\/p>\n\n<p data-block-type=\"core\"><\/p>\n","protected":false},"excerpt":{"rendered":"<p>Conditions g\u00e9n\u00e9rales de WARDJet Inc Conditions d&rsquo;utilisation du site Internet de WARDJet INC. (\u00ab WARDJet \u00bb, \u00ab NOUS \u00bb OU \u00ab NOUS \u00bb) LES CONDITIONS G\u00c9N\u00c9RALES \u00c9NONC\u00c9ES CI-DESSOUS (LES \u00ab CONDITIONS \u00bb) R\u00c9GISSENT VOTRE UTILISATION DE CE SITE SUR LE WEB MONDIAL. CES CONDITIONS SONT UN CONTRAT JURIDIQUE ENTRE VOUS ET WARDJet ET R\u00c9GISSENT VOTRE [&hellip;]<\/p>\n","protected":false},"author":11,"featured_media":0,"parent":0,"menu_order":0,"comment_status":"closed","ping_status":"closed","template":"wardjet-text.php","meta":{"_acf_changed":false,"inline_featured_image":false,"footnotes":"","_links_to":"","_links_to_target":""},"class_list":["post-1544","page","type-page","status-publish","hentry"],"acf":[],"_links":{"self":[{"href":"https:\/\/www.wardjet.com\/fr\/wp-json\/wp\/v2\/pages\/1544"}],"collection":[{"href":"https:\/\/www.wardjet.com\/fr\/wp-json\/wp\/v2\/pages"}],"about":[{"href":"https:\/\/www.wardjet.com\/fr\/wp-json\/wp\/v2\/types\/page"}],"author":[{"embeddable":true,"href":"https:\/\/www.wardjet.com\/fr\/wp-json\/wp\/v2\/users\/11"}],"replies":[{"embeddable":true,"href":"https:\/\/www.wardjet.com\/fr\/wp-json\/wp\/v2\/comments?post=1544"}],"version-history":[{"count":3,"href":"https:\/\/www.wardjet.com\/fr\/wp-json\/wp\/v2\/pages\/1544\/revisions"}],"predecessor-version":[{"id":1547,"href":"https:\/\/www.wardjet.com\/fr\/wp-json\/wp\/v2\/pages\/1544\/revisions\/1547"}],"wp:attachment":[{"href":"https:\/\/www.wardjet.com\/fr\/wp-json\/wp\/v2\/media?parent=1544"}],"curies":[{"name":"wp","href":"https:\/\/api.w.org\/{rel}","templated":true}]}}