{"id":7318,"date":"2022-04-26T11:52:37","date_gmt":"2022-04-26T15:52:37","guid":{"rendered":"https:\/\/www.wardjet.com\/zasady-i-warunki\/"},"modified":"2022-04-26T11:52:38","modified_gmt":"2022-04-26T15:52:38","slug":"zasady-i-warunki","status":"publish","type":"page","link":"https:\/\/www.wardjet.com\/pl\/zasady-i-warunki\/","title":{"rendered":"Zasady i Warunki"},"content":{"rendered":"\n<h2 class=\"wp-block-heading\" data-block-type=\"core\">Regulamin WARDJet Inc.<\/h2>\n\n<p data-block-type=\"core\">WARDJet INC. (\u201eWARDJet\u201d, \u201eMY\u201d LUB \u201eNAM\u201d) Strona internetowa Warunki korzystania WARUNKI OKRE\u015aLONE PONI\u017bEJ (\u201eWARUNKI\u201d) REGULUJ\u0104 KORZYSTANIE Z NINIEJSZEJ WITRYNY W \u015aWIECIE. NINIEJSZE WARUNKI STANOWI\u0104 UMOW\u0118 PRAWN\u0104 POMI\u0118DZY U\u017bYTKOWNIKIEM A WARDJet I REGULUJ\u0104 U\u017bYTKOWNIKA DOST\u0118PU I KORZYSTANIA Z WITRYNY WARDJet ZNAJDUJ\u0104CEJ SI\u0118 POD adresem www.wardjet.com RAZEM Z US\u0141UGAMI I PRODUKTAMI DOST\u0118PNYMI ZA PO\u015aREDNICTWEM TEJ WITRYNY (\u201eWITRYNA\u201d). JE\u015aLI NIE ZGADZASZ SI\u0118 Z JAKIKOLWIEK Z NINIEJSZYCH WARUNK\u00d3W, NIE U\u017bYWAJ TEJ WITRYNY ANI NIE U\u017bYWAJ W INNY SPOS\u00d3B INFORMACJI NA TEJ STRONIE. KORZYSTANIE Z NINIEJSZEJ STRONY JEST UZNANE ZA ZGOD\u0118 NA PRZESTRZEGANIE KA\u017bDEGO Z WARUNK\u00d3W OKRE\u015aLONYCH PONI\u017bEJ. WARDJet MO\u017bE W DOWOLNYM CZASIE WPROWADZA\u0106 ZMIANY W TRE\u015aCI, PRODUKTACH I US\u0141UGACH OFEROWANYCH NA TEJ STRONIE. WARDJet MO\u017bE ZMIENI\u0106 NINIEJSZE WARUNKI W DOWOLNYM CZASIE POPRZEZ NINIEJSZE WARUNKI U\u017bYTKOWANIA, A WARDJet MO\u017bE WYS\u0141A\u0106 ZAREJESTROWANYM U\u017bYTKOWNIKOM POWIADOMIENIE E-MAILOWE O ZMIANACH. JE\u017bELI JAKAKOLWIEK MODYFIKACJA JEST NIEDOPUSZCZALNA, ZAPRZESTASZ KORZYSTANIA Z TEJ STRONY. JE\u015aLI NIE PRZERWASZ KORZYSTANIA Z TEJ STRONY, OSTATECZNIE UZNANO, \u017bE ZAAKCEPTOWA\u0141E\u015a ZMIAN\u0118.<\/p>\n\n<h2 class=\"wp-block-heading\" data-block-type=\"core\">Og\u00f3lne ograniczenia u\u017cytkowania.<\/h2>\n\n<p data-block-type=\"core\">WARDJet dostarcza tre\u015bci i us\u0142ugi za po\u015brednictwem tej Witryny. Pewne informacje, dokumenty, produkty i us\u0142ugi udost\u0119pniane w tej Witrynie i za jej po\u015brednictwem, w tym tre\u015bci, logo, grafiki i obrazy (\u0142\u0105cznie \u201eMateria\u0142y\u201d), kt\u00f3re nie s\u0105 Przesy\u0142anymi materia\u0142ami (zgodnie z definicj\u0105 poni\u017cej), s\u0105 dostarczane u\u017cytkownikowi przez WARDJet i s\u0105 obj\u0119te prawami autorskimi i\/lub znakami towarowymi dzie\u0142 WARDJet lub wsp\u00f3\u0142pracownik\u00f3w WARDJet.<br\/><br\/>WARDJet udziela u\u017cytkownikowi ograniczonej, osobistej, niewy\u0142\u0105cznej i nieprzenoszalnej licencji na u\u017cywanie i wy\u015bwietlanie oraz wykonanie jednej kopii Materia\u0142\u00f3w i korzystanie z us\u0142ug niniejszej Witryny wy\u0142\u0105cznie do u\u017cytku osobistego. Z wyj\u0105tkiem licencji okre\u015blonej w poprzednim zdaniu powy\u017cej, u\u017cytkownik przyjmuje do wiadomo\u015bci i zgadza si\u0119, \u017ce nie ma prawa do modyfikowania, edytowania, kopiowania, powielania, tworzenia prac pochodnych, in\u017cynierii wstecznej, zmieniania, ulepszania lub w jakikolwiek spos\u00f3b wykorzystywania jakichkolwiek Materia\u0142\u00f3w w jakikolwiek spos\u00f3b. Ta ograniczona licencja wygasa automatycznie, bez powiadomienia, w przypadku naruszenia kt\u00f3regokolwiek z niniejszych Warunk\u00f3w. Po wyga\u015bni\u0119ciu tej ograniczonej licencji, zgadzasz si\u0119 natychmiast zniszczy\u0107 wszelkie pobrane lub wydrukowane Materia\u0142y. Z wyj\u0105tkiem przypadk\u00f3w okre\u015blonych w niniejszym dokumencie, potwierdzasz, \u017ce nie masz \u017cadnych praw, tytu\u0142\u00f3w ani udzia\u0142\u00f3w w tej Witrynie lub jakichkolwiek Materia\u0142ach.<\/p>\n\n<h2 class=\"wp-block-heading\" data-block-type=\"core\">Obszary tej Witryny ograniczone has\u0142em.<\/h2>\n\n<p data-block-type=\"core\">Aby zalogowa\u0107 si\u0119 do tej Witryny i korzysta\u0107 z niekt\u00f3rych funkcji i obszar\u00f3w tej Witryny, potrzebne b\u0119dzie has\u0142o. Ponosisz odpowiedzialno\u015b\u0107 za zachowanie poufno\u015bci swojego has\u0142a i konta oraz zgadzasz si\u0119 powiadomi\u0107 WARDJet, je\u015bli Twoje has\u0142o zostanie zgubione, skradzione lub ujawnione nieupowa\u017cnionej stronie trzeciej lub w inny spos\u00f3b mog\u0142o zosta\u0107 naruszone. Ponosisz odpowiedzialno\u015b\u0107 za wszystkie dzia\u0142ania, kt\u00f3re maj\u0105 miejsce w ramach Twojego konta. Zgadzasz si\u0119 niezw\u0142ocznie powiadomi\u0107 WARDJet o jakimkolwiek nieautoryzowanym u\u017cyciu Twojego konta lub jakimkolwiek innym znanym Ci naruszeniu bezpiecze\u0144stwa w odniesieniu do tej Witryny.<\/p>\n\n<h2 class=\"wp-block-heading\" data-block-type=\"core\">Zakupy.<\/h2>\n\n<p data-block-type=\"core\">Zgadzasz si\u0119 uiszcza\u0107 wszystkie op\u0142aty na swoim koncie w oparciu o op\u0142aty, obci\u0105\u017cenia i warunki rozliczeniowe WARDJet, kt\u00f3re s\u0105 widoczne przy kasie. Z wyj\u0105tkiem przypadk\u00f3w wyra\u017anie okre\u015blonych na Stronie, wszystkie ceny wy\u015bwietlane na Stronie s\u0105 standardowymi cenami detalicznymi WARDJet. Jeste\u015b odpowiedzialny za op\u0142acenie wszelkich podatk\u00f3w, kt\u00f3re mog\u0105 mie\u0107 zastosowanie. Je\u015bli nie zap\u0142acisz na czas lub je\u015bli WARDJet nie mo\u017ce z jakiegokolwiek powodu obci\u0105\u017cy\u0107 Twojej karty kredytowej, systemu PayPal lub innej metody p\u0142atno\u015bci, WARDJet zastrzega sobie prawo do zawieszenia lub zako\u0144czenia dost\u0119pu do Witryny i konta oraz rozwi\u0105zania niniejszych Warunk\u00f3w. Wyra\u017anie zgadzasz si\u0119, \u017ce firma WARDJet mo\u017ce obci\u0105\u017cy\u0107 Ci\u0119 odpowiednimi op\u0142atami, wszelkimi stosownymi podatkami i innymi op\u0142atami, kt\u00f3re mo\u017cesz ponie\u015b\u0107 w zwi\u0105zku z korzystaniem z tej Witryny, a op\u0142aty b\u0119d\u0105 obci\u0105\u017cane Twoj\u0105 kart\u0105 kredytow\u0105 lub inn\u0105 metod\u0105 p\u0142atno\u015bci wskazan\u0105 na Twoja pierwsza rejestracja w tej Witrynie, a nast\u0119pnie w regularnych odst\u0119pach czasu przez pozosta\u0142y okres obowi\u0105zywania niniejszych Warunk\u00f3w. Je\u015bli anulujesz swoje konto w dowolnym momencie, nie otrzymasz zwrotu pieni\u0119dzy. Je\u015bli masz saldo nale\u017cne na jakimkolwiek koncie, zgadzasz si\u0119, \u017ce WARDJet mo\u017ce obci\u0105\u017cy\u0107 Twoj\u0105 kart\u0119 kredytow\u0105 takimi niezap\u0142aconymi op\u0142atami lub w inny spos\u00f3b obci\u0105\u017cy\u0107 Ci\u0119 tymi niezap\u0142aconymi op\u0142atami.<\/p>\n\n<h2 class=\"wp-block-heading\" data-block-type=\"core\">Korekta b\u0142\u0119d\u00f3w i nie\u015bcis\u0142o\u015bci.<\/h2>\n\n<p data-block-type=\"core\">Informacje w tej Witrynie mog\u0105 zawiera\u0107 b\u0142\u0119dy typograficzne lub nie\u015bcis\u0142o\u015bci i mog\u0105 by\u0107 niekompletne lub nieaktualne. W zwi\u0105zku z tym zastrzegamy sobie prawo do poprawiania wszelkich b\u0142\u0119d\u00f3w, nie\u015bcis\u0142o\u015bci lub pomini\u0119\u0107 oraz do zmiany lub aktualizacji informacji w dowolnym momencie bez uprzedniego powiadomienia (w tym po z\u0142o\u017ceniu zam\u00f3wienia). Nale\u017cy pami\u0119ta\u0107, \u017ce takie b\u0142\u0119dy, nie\u015bcis\u0142o\u015bci lub pomini\u0119cia mog\u0105 dotyczy\u0107 opisu produktu, ceny i dost\u0119pno\u015bci. Zastrzegamy sobie r\u00f3wnie\u017c prawo do ograniczenia ilo\u015bci (w tym po z\u0142o\u017ceniu zam\u00f3wienia). Przepraszamy za wszelkie zwi\u0105zane z tym niedogodno\u015bci. Ryzyko utraty i tytu\u0142u w\u0142asno\u015bci przedmiot\u00f3w zakupionych w tej Witrynie przechodzi na kupuj\u0105cego z chwil\u0105 dostawy do przewo\u017anika.<\/p>\n\n<h2 class=\"wp-block-heading\" data-block-type=\"core\">Polityka prywatno\u015bci.<\/h2>\n\n<p data-block-type=\"core\">Korzystanie z tej witryny podlega Polityce prywatno\u015bci WARDJet, kt\u00f3ra jest dost\u0119pna pod <a href=\"https:\/\/wardjet.com\/privacy-policy\" target=\"_blank\" rel=\"noopener\">adresem http:\/\/www.wardjet.com\/privacy-policy<\/a> (\u201ePolityka prywatno\u015bci\u201d).<\/p>\n\n<h2 class=\"wp-block-heading\" data-block-type=\"core\">Tre\u015bci stron trzecich.<\/h2>\n\n<p data-block-type=\"core\">Niekt\u00f3re informacje i inne tre\u015bci, kt\u00f3re nie s\u0105 Przesy\u0142anymi materia\u0142ami, mog\u0105 by\u0107 dostarczane przez zewn\u0119trznych licencjodawc\u00f3w i dostawc\u00f3w do WARDJet (\u201eTre\u015bci Os\u00f3b Trzecich\u201d). Tre\u015bci Os\u00f3b Trzecich s\u0105 w ka\u017cdym przypadku dzie\u0142em chronionym prawem autorskim i\/lub znakiem towarowym tw\u00f3rcy\/licencjodawcy. Zgadzasz si\u0119 wy\u015bwietla\u0107 Tre\u015bci Os\u00f3b Trzecich na swoim komputerze osobistym wy\u0142\u0105cznie do u\u017cytku osobistego. Przyjmujesz do wiadomo\u015bci i zgadzasz si\u0119, \u017ce nie masz prawa do pobierania, buforowania, reprodukowania, modyfikowania, wy\u015bwietlania (z wyj\u0105tkiem przypadk\u00f3w okre\u015blonych w niniejszym paragrafie), edytowania, zmieniania lub ulepszania jakichkolwiek Tre\u015bci Os\u00f3b Trzecich w jakikolwiek spos\u00f3b, chyba \u017ce masz zgod\u0119 w\u0142a\u015bciciela Tre\u015bci Os\u00f3b Trzecich. WARDJet WY\u0141\u0104CZA WSZELKIE WYRA\u0179NE, DOROZUMIANE I USTAWOWE GWARANCJE I WARUNKI W ODNIESIENIU DO TRE\u015aCI OS\u00d3B TRZECICH, W TYM MI\u0118DZY INNYMI WSZELKIE DOROZUMIANE GWARANCJE WARTO\u015aCI HANDLOWEJ, PRZYDATNO\u015aCI DO OKRE\u015aLONEGO CELU I NIENARUSZANIA.<\/p>\n\n<h2 class=\"wp-block-heading\" data-block-type=\"core\">\u0141\u0105cza do witryn stron trzecich.<\/h2>\n\n<p data-block-type=\"core\">Ta Witryna mo\u017ce zawiera\u0107 linki do innych witryn, kt\u00f3re nie s\u0105 witrynami WARDJet. WARDJet udost\u0119pnia te linki wy\u0142\u0105cznie dla wygody, a WARDJet nie ponosi odpowiedzialno\u015bci za takie strony, do kt\u00f3rych prowadz\u0105 linki, w tym mi\u0119dzy innymi za tre\u015bci lub linki wy\u015bwietlane na takich stronach.<\/p>\n\n<h2 class=\"wp-block-heading\" data-block-type=\"core\">Zg\u0142oszenia.<\/h2>\n\n<p data-block-type=\"core\">Przyjmujesz do wiadomo\u015bci, \u017ce jeste\u015b odpowiedzialny za publikacje, informacje, zdj\u0119cia, informacje finansowe i kontaktowe, grafik\u0119, d\u017awi\u0119ki i inne tre\u015bci lub materia\u0142y, kt\u00f3re przesy\u0142asz, przesy\u0142asz, publikujesz lub w inny spos\u00f3b udost\u0119pniasz w Witrynie lub za jej po\u015brednictwem (ka\u017cde \u201ePrzesy\u0142anie\u201d) za po\u015brednictwem us\u0142ug dost\u0119pnych w zwi\u0105zku z niniejsz\u0105 Witryn\u0105 i \u017ce to Ty, a nie WARDJet, ponosisz pe\u0142n\u0105 odpowiedzialno\u015b\u0107 za ka\u017cde takie Zg\u0142oszenie, kt\u00f3re prze\u015blesz, w tym za jego legalno\u015b\u0107, wiarygodno\u015b\u0107, stosowno\u015b\u0107 oraz w\u0142asno\u015b\u0107 znaku towarowego i praw autorskich. O ile wyra\u017anie nie okre\u015blono inaczej w niniejszym dokumencie lub w Polityce prywatno\u015bci WARDJet, zgadzasz si\u0119, \u017ce wszelkie Materia\u0142y przes\u0142ane przez Ciebie w zwi\u0105zku z niniejsz\u0105 Witryn\u0105 s\u0105 dostarczane na zasadach niezastrze\u017conych i niepoufnych. Zgadzasz si\u0119, \u017ce WARDJet mo\u017ce swobodnie korzysta\u0107 z Przes\u0142anych tre\u015bci w celu \u015bwiadczenia powi\u0105zanych us\u0142ug i udzielasz WARDJet podlegaj\u0105cej sublicencjonowaniu, niewy\u0142\u0105cznej, og\u00f3lno\u015bwiatowej, nieodp\u0142atnej licencji na (w dowolnych mediach, znanych lub obecnie nieznanych lub wynalezionych). ) \u0142\u0105czy\u0107, wykorzystywa\u0107, wykorzystywa\u0107, publicznie wykonywa\u0107, publicznie wy\u015bwietla\u0107, reprodukowa\u0107, rozpowszechnia\u0107, modyfikowa\u0107 i przygotowywa\u0107 dzie\u0142a pochodne Zg\u0142oszonej tre\u015bci. Ponadto WARDJet zgadza si\u0119 na wykorzystanie wszystkich przes\u0142anych materia\u0142\u00f3w zgodnie z Polityk\u0105 prywatno\u015bci WARDJet maj\u0105c\u0105 zastosowanie do danych osobowych. U\u017bYTKOWNIK ZACHOWUJE W\u0141ASNO\u015a\u0106 WSZELKICH PRAW AUTORSKICH LUB INNYCH PRAW W\u0141ASNO\u015aCI INTELEKTUALNEJ DOTYCZ\u0104CYCH JAKICHKOLWIEK INFORMACJI PRZEKAZYWANYCH PRZEZ WARDJet, TAKICH JAK WK\u0141ADY. Ponadto zgadzasz si\u0119, \u017ce nie b\u0119dziesz przesy\u0142a\u0107, publikowa\u0107 ani w inny spos\u00f3b udost\u0119pnia\u0107 w tej Witrynie jakichkolwiek materia\u0142\u00f3w chronionych prawem autorskim, znakiem towarowym lub innymi prawami w\u0142asno\u015bci bez wyra\u017anej zgody w\u0142a\u015bciciela takich praw autorskich, znak\u00f3w towarowych lub innych praw w\u0142asno\u015bci nale\u017c\u0105cych do osoby trzeciej. strony, a ci\u0119\u017car ustalenia, czy jakikolwiek materia\u0142 jest chroniony przez takie prawo, spoczywa na Tobie. Ponosisz wy\u0142\u0105czn\u0105 odpowiedzialno\u015b\u0107 za wszelkie szkody wynikaj\u0105ce z naruszenia praw autorskich, znak\u00f3w towarowych, praw w\u0142asno\u015bci lub wszelkie inne szkody wynikaj\u0105ce z jakichkolwiek Przes\u0142anych tre\u015bci.<br\/><br\/>O\u015bwiadczasz i gwarantujesz, \u017ce: (i) jeste\u015b w\u0142a\u015bcicielem wszystkich Zg\u0142osze\u0144 zamieszczonych przez Ciebie w tej Witrynie lub za jej po\u015brednictwem lub w inny spos\u00f3b masz prawo do udzielenia licencji WARDJet okre\u015blonych w tej sekcji i uzyska\u0142e\u015b wszystkie niezb\u0119dne prawa i upowa\u017cnienia, (ii) publikowanie Wpis\u00f3w u\u017cytkownika w tej Witrynie lub za jej po\u015brednictwem nie narusza praw do prywatno\u015bci, praw do reklamy, praw do znak\u00f3w towarowych, praw autorskich, praw do um\u00f3w ani \u017cadnych innych praw jakiejkolwiek osoby lub podmiotu, oraz (iii) Przes\u0142ane tre\u015bci s\u0105 dok\u0142adne, a ich dok\u0142adno\u015b\u0107 zostanie zachowana przez Ciebie. Zgadzasz si\u0119 zap\u0142aci\u0107 za wszelkie tantiemy, op\u0142aty, odszkodowania i wszelkie inne kwoty nale\u017cne jakiejkolwiek osobie z powodu jakichkolwiek Zg\u0142osze\u0144 opublikowanych przez Ciebie na tej Stronie lub za jej po\u015brednictwem.<br\/><br\/>Przesy\u0142aj\u0105c Zg\u0142oszenia lub korzystaj\u0105c w inny spos\u00f3b z tej Witryny i\/lub us\u0142ug, zgadzasz si\u0119, bez ogranicze\u0144:<br\/><br\/>Znies\u0142awia\u0107, zniewa\u017ca\u0107, n\u0119ka\u0107, prze\u015bladowa\u0107, grozi\u0107 lub w inny spos\u00f3b narusza\u0107 prawa innych os\u00f3b (takie jak prawo do prywatno\u015bci i reklamy).<br\/>U\u017cywaj j\u0119zyka rasistowskiego, etnicznego lub w inny spos\u00f3b obra\u017aliwego.<br\/>Omawiaj lub pod\u017cegaj do nielegalnej dzia\u0142alno\u015bci.<br\/>U\u017cywaj wulgarnego\/obscenicznego j\u0119zyka lub nak\u0142aniaj\/publikuj obrazy o charakterze jednoznacznie seksualnym (rzeczywistym lub symulowanym).<br\/>Publikuj wszystko, co wykorzystuje dzieci lub nieletnich lub przedstawia okrucie\u0144stwo wobec zwierz\u0105t.<br\/>Publikuj wszelkie materia\u0142y obj\u0119te prawami autorskimi lub znakami towarowymi bez wyra\u017anej zgody w\u0142a\u015bciciela.<br\/>Rozpowszechniaj wszelkich niechcianych lub nieautoryzowanych reklam, materia\u0142\u00f3w promocyjnych, \u201e\u015bmieci\u201d, \u201espamu\u201d, \u201e\u0142a\u0144cuszk\u00f3w\u201d, \u201epiramid\u201d lub jakiejkolwiek innej formy takiego nagabywania.<br\/>U\u017cywaj robot\u00f3w, paj\u0105k\u00f3w lub innych automatycznych \u015brodk\u00f3w do zbierania danych u\u017cytkownika.<br\/>Korzysta\u0107 z jakichkolwiek Materia\u0142\u00f3w, Przes\u0142anych tre\u015bci lub Tre\u015bci stron trzecich w spos\u00f3b konkurencyjny w stosunku do Witryny.<br\/><br\/>Ta lista zakaz\u00f3w zawiera przyk\u0142ady i nie jest kompletna ani wy\u0142\u0105czna. WARDJet zastrzega sobie prawo do: (a) zako\u0144czy\u0107 dost\u0119p do konta, mo\u017cliwo\u015b\u0107 publikowania w tej Witrynie (lub us\u0142ugach) i (b) odmawia\u0107, usuwa\u0107 lub usuwa\u0107 jakichkolwiek Zg\u0142osze\u0144; z podaniem lub bez powodu, z powiadomieniem lub bez, z jakiegokolwiek powodu lub bez powodu, lub w przypadku jakichkolwiek dzia\u0142a\u0144, kt\u00f3re WARDJet uzna za niew\u0142a\u015bciwe lub zak\u0142\u00f3caj\u0105ce dzia\u0142anie tej Witryny lub jakiegokolwiek innego u\u017cytkownika tej Witryny i\/lub us\u0142ug. WARDJet mo\u017ce zg\u0142asza\u0107 organom \u015bcigania wszelkie dzia\u0142ania, kt\u00f3re mog\u0105 by\u0107 niezgodne z prawem, oraz wszelkie otrzymywane zg\u0142oszenia o takim zachowaniu. Gdy jest to prawnie wymagane lub wed\u0142ug uznania WARDJet, WARDJet b\u0119dzie wsp\u00f3\u0142pracowa\u0107 z organami \u015bcigania w dochodzeniu w sprawie domniemanej nielegalnej dzia\u0142alno\u015bci na tej Stronie lub w Internecie.<br\/><br\/>Zakazy te nie wymagaj\u0105, aby firma WARDJet monitorowa\u0142a, nadzorowa\u0142a lub usuwa\u0142a jakiekolwiek Wpisy lub inne informacje przes\u0142ane przez Ciebie lub innego u\u017cytkownika.<\/p>\n\n<h2 class=\"wp-block-heading\" data-block-type=\"core\">Nieautoryzowane dzia\u0142ania.<\/h2>\n\n<p data-block-type=\"core\">Zg\u0142oszenia i nieautoryzowane u\u017cycie jakichkolwiek Materia\u0142\u00f3w lub Tre\u015bci Os\u00f3b Trzecich zawartych w tej Witrynie mo\u017ce narusza\u0107 niekt\u00f3re prawa i przepisy. Zgadzasz si\u0119 zabezpieczy\u0107 firm\u0119 WARDJet i jej funkcjonariuszy, dyrektor\u00f3w, pracownik\u00f3w, podmioty stowarzyszone, agent\u00f3w, licencjodawc\u00f3w i partner\u00f3w biznesowych z odpowiedzialno\u015bci za wszelkie koszty, szkody, zobowi\u0105zania i wydatki (w tym honoraria adwokackie i koszty obrony) WARDJet lub jakakolwiek inna strona ubezpieczona odszkodowanie poniesie w zwi\u0105zku z, lub w celu unikni\u0119cia jakichkolwiek roszcze\u0144 lub \u017c\u0105da\u0144 ze strony osoby trzeciej, \u017ce korzystanie z tej Witryny lub korzystanie z tej Witryny przez jak\u0105kolwiek osob\u0119 u\u017cywaj\u0105c\u0105 nazwy u\u017cytkownika i\/lub has\u0142o (w tym, mi\u0119dzy innymi, Tw\u00f3j udzia\u0142 w obszarach publikowania lub Twoje Wpisy) narusza jakiekolwiek obowi\u0105zuj\u0105ce prawo lub regulacje lub prawa autorskie, prawa do znak\u00f3w towarowych lub inne prawa os\u00f3b trzecich.<\/p>\n\n<h2 class=\"wp-block-heading\" data-block-type=\"core\">Prawa w\u0142asno\u015bci.<\/h2>\n\n<p data-block-type=\"core\">WARDJet jest znakiem towarowym WARDJet w Stanach Zjednoczonych. Inne znaki towarowe, nazwy i logo na tej Stronie s\u0105 w\u0142asno\u015bci\u0105 ich odpowiednich w\u0142a\u015bcicieli.<br\/><br\/>O ile nie okre\u015blono inaczej w niniejszych Warunkach, wszystkie informacje i ekrany pojawiaj\u0105ce si\u0119 w tej Witrynie, w tym dokumenty, us\u0142ugi, projekt witryny, tekst, grafika, logo, obrazy i ikony, a tak\u017ce ich uk\u0142ad, s\u0105 wy\u0142\u0105czn\u0105 w\u0142asno\u015bci\u0105 WARDJet, Copyright \u00a9 2009 WARDJet. Wszelkie prawa, kt\u00f3re nie zosta\u0142y wyra\u017anie przyznane w niniejszym dokumencie, s\u0105 zastrze\u017cone. O ile nie jest to inaczej wymagane lub ograniczone przez obowi\u0105zuj\u0105ce prawo, wszelkie powielanie, dystrybucja, modyfikacja, retransmisja lub publikacja jakichkolwiek materia\u0142\u00f3w chronionych prawem autorskim jest surowo zabroniona bez wyra\u017anej pisemnej zgody w\u0142a\u015bciciela praw autorskich lub licencji.<\/p>\n\n<h2 class=\"wp-block-heading\" data-block-type=\"core\">Zrzeczenie si\u0119 gwarancji.<\/h2>\n\n<p data-block-type=\"core\">U\u017cytkownik korzysta z tej Witryny i\/lub us\u0142ug na w\u0142asne ryzyko. Ani Materia\u0142y, Zg\u0142oszone ani Tre\u015bci Os\u00f3b Trzecich nie zosta\u0142y zweryfikowane ani uwierzytelnione w ca\u0142o\u015bci lub w cz\u0119\u015bci przez WARDJet i mog\u0105 zawiera\u0107 nie\u015bcis\u0142o\u015bci lub b\u0142\u0119dy typograficzne lub inne. WARDJet nie gwarantuje dok\u0142adno\u015bci aktualno\u015bci Materia\u0142\u00f3w, Zg\u0142osze\u0144 lub Tre\u015bci Os\u00f3b Trzecich zawartych na tej Stronie. WARDJet nie ponosi odpowiedzialno\u015bci za jakiekolwiek b\u0142\u0119dy lub pomini\u0119cia w Materia\u0142ach, Przes\u0142anych materia\u0142ach i\/lub Tre\u015bci stron trzecich, niezale\u017cnie od tego, czy zosta\u0142y one dostarczone przez WARDJet, czy naszych licencjodawc\u00f3w. Twoim obowi\u0105zkiem jest niezale\u017cne zbadanie dok\u0142adno\u015bci i kompletno\u015bci Materia\u0142\u00f3w, Zg\u0142osze\u0144 i\/lub Tre\u015bci Os\u00f3b Trzecich w tej Witrynie.<br\/><br\/>WARDJet, DLA SIEBIE I JEJ LICENCJODAWC\u00d3W, NIE SK\u0141ADA \u017bADNYCH WYRA\u0179NYCH, DOROZUMIANYCH LUB USTAWOWYCH O\u015aWIADCZE\u0143, GWARANCJI LUB R\u0118KOJMI W ZWI\u0104ZKU Z T\u0104 WITRYN\u0104, US\u0141UGAMI LUB PRODUKTAMI OFEROWANYMI NA TEJ WITRYNIE, JAKIKOLWIEK MATERIA\u0141AMI, ZG\u0141OSZENIAMI LUB TRE\u015aCIAMI , PRZYDATNO\u015aCI, PRAWDY, DOK\u0141ADNO\u015aCI LUB KOMPLETNO\u015aCI JAKICHKOLWIEK INFORMACJI LUB MATERIA\u0141\u00d3W ZAWARTYCH LUB PRZEDSTAWIONYCH NA NINIEJSZEJ STRONIE, W TYM MI\u0118DZY INNYMI MATERIA\u0141\u00d3W, TRE\u015aCI OS\u00d3B TRZECICH ORAZ WPIS\u00d3W INNYCH U\u017bYTKOWNIK\u00d3W TEJ STRONY. O ile wyra\u017anie nie okre\u015blono inaczej, W MAKSYMALNYM ZAKRESIE DOZWOLONYM PRZEZ OBOWI\u0104ZUJ\u0104CE PRAWO, NINIEJSZA STRONA, PRODUKTY, US\u0141UGI, MATERIA\u0141Y, TRE\u015aCI OS\u00d3B TRZECICH, PRZESY\u0141KI ORAZ WSZELKIE INFORMACJE LUB MATERIA\u0141Y ZAWARTE LUB PRZEDSTAWIONE NA TEJ STRONIE S\u0104 DOSTARCZANE JEST\u201d, \u201eW MIAR\u0118 DOST\u0118PNO\u015aCI\u201d I \u201eGDZIE JEST\u201d BEZ GWARANCJI DOROZUMIANYCH PRZYDATNO\u015aCI HANDLOWEJ, PRZYDATNO\u015aCI DO OKRE\u015aLONEGO CELU LUB NIENARUSZANIA PRAW OS\u00d3B TRZECICH. WARDJet NIE UDZIELA \u017bADNYCH GWARANCJI W ODNIESIENIU DO WIRUS\u00d3W, OPROGRAMOWANIA SPYWAROWEGO LUB Z\u0141O\u015aLIWEGO OPROGRAMOWANIA, KT\u00d3RE MOG\u0104 BY\u0106 ZAINSTALOWANE NA KOMPUTERZE U\u017bYTKOWNIKA. POWY\u017bSZE ZASTRZE\u017bENIE NIE MA ZASTOSOWANIA DO \u017bADNEJ GWARANCJI NA PRODUKT WYSY\u0141ANEJ U\u017bYTKOWNIKOWI LUB DOSTARCZONEJ Z PRODUKTEM.<br\/><br\/>Ograniczenie odpowiedzialno\u015bci.<br\/><br\/>WARDJet NIE PONOSI ODPOWIEDZIALNO\u015aCI ZA JAKIEKOLWIEK SZKODY WYNIKAJ\u0104CE Z WY\u015aWIETLANIA, KOPIOWANIA LUB POBIERANIA JAKICHKOLWIEK MATERIA\u0141\u00d3W, TRE\u015aCI OS\u00d3B TRZECICH LUB PRZESY\u0141ANIA NA TEJ WITRYNIE LUB Z TEJ STRONY. W \u017bADNYM WYPADKU WARDJet NIE PONOSI ODPOWIEDZIALNO\u015aCI ZA \u017bADNE SZKODY PO\u015aREDNIE, NADZWYCZAJNE, PRZYK\u0141ADOWE, KARNE, SZCZEG\u00d3LNE, PRZYPADKOWE LUB WT\u00d3RNE (W TYM UTRAT\u0118 DANYCH, PRZYCHOD\u00d3W, ZYSK\u00d3W, U\u017bYTKOWANIA LUB INNYCH KORZY\u015aCI EKONOMICZNYCH), R\u00d3WNIE\u017b POWSTAJ\u0104CE, JEST MO\u017bLIWO\u015a\u0106 TAKICH USZKODZE\u0143.<br\/><br\/>NIEKT\u00d3RE STANY NIE ZEZWALAJ\u0104 NA OGRANICZENIA ODPOWIEDZIALNO\u015aCI WYMIENIONE POWY\u017bEJ, WI\u0118C TO OGRANICZENIE ODPOWIEDZIALNO\u015aCI MO\u017bE NIE MIE\u0106 ZASTOSOWANIA.<\/p>\n\n<h2 class=\"wp-block-heading\" data-block-type=\"core\">Przepisy lokalne; Kontrola eksportu.<\/h2>\n\n<p data-block-type=\"core\">WARDJet kontroluje i obs\u0142uguje t\u0119 Witryn\u0119 ze swojej siedziby w Stanach Zjednoczonych Ameryki, a Materia\u0142y, Zg\u0142oszone i\/lub Tre\u015bci Os\u00f3b Trzecich mog\u0105 nie by\u0107 odpowiednie lub dost\u0119pne do u\u017cytku w innych lokalizacjach. Je\u015bli korzystasz z tej Witryny poza Stanami Zjednoczonymi Ameryki, jeste\u015b odpowiedzialny za przestrzeganie obowi\u0105zuj\u0105cych przepis\u00f3w lokalnych.<\/p>\n\n<h2 class=\"wp-block-heading\" data-block-type=\"core\">Og\u00f3lny.<\/h2>\n\n<p data-block-type=\"core\">W przypadku naruszenia niniejszych Warunk\u00f3w WARDJet mo\u017ce zako\u0144czy\u0107 i\/lub zawiesi\u0107 dost\u0119p do tej Witryny bez powiadomienia. WARDJet woli doradzi\u0107 ci niew\u0142a\u015bciwe zachowanie i zaleci\u0107 wszelkie niezb\u0119dne dzia\u0142ania naprawcze. Jednak niekt\u00f3re naruszenia niniejszych Warunk\u00f3w, okre\u015blone przez WARDJet, mog\u0105 skutkowa\u0107 natychmiastowym zablokowaniem dost\u0119pu do tej Witryny. WARDJet ma prawo zlikwidowa\u0107 ka\u017cde konto ograniczone has\u0142em z dowolnego powodu. Niniejsze Warunki podlegaj\u0105 prawu stanu Kalifornia i kontroluj\u0105cemu prawu federalnemu Stan\u00f3w Zjednoczonych, bez wzgl\u0119du na wyb\u00f3r lub przepisy kolizyjne. Wszelkie spory dotycz\u0105ce niniejszych Warunk\u00f3w lub niniejszej Witryny b\u0119d\u0105 rozpatrywane przez s\u0105dy znajduj\u0105ce si\u0119 w Kalifornii. Je\u015bli kt\u00f3rykolwiek z niniejszych Warunk\u00f3w zostanie uznany za niezgodny z obowi\u0105zuj\u0105cym prawem, w\u00f3wczas taki warunek b\u0119dzie interpretowany jako odzwierciedlaj\u0105cy intencje stron i \u017cadne inne warunki nie zostan\u0105 zmienione. Niewyegzekwowanie przez WARDJet kt\u00f3regokolwiek z niniejszych Warunk\u00f3w nie jest zrzeczeniem si\u0119 tego warunku. Niniejsze Warunki stanowi\u0105 ca\u0142o\u015b\u0107 umowy mi\u0119dzy Tob\u0105 a WARDJet i zast\u0119puj\u0105 wszystkie wcze\u015bniejsze lub r\u00f3wnoczesne negocjacje, dyskusje lub umowy mi\u0119dzy Tob\u0105 a WARDJet dotycz\u0105ce tej Witryny. Prawa w\u0142asno\u015bci, zrzeczenie si\u0119 gwarancji, z\u0142o\u017cone przez Ciebie o\u015bwiadczenia, odszkodowania, ograniczenia odpowiedzialno\u015bci i postanowienia og\u00f3lne pozostaj\u0105 w mocy po rozwi\u0105zaniu niniejszych Warunk\u00f3w.<\/p>\n\n<p data-block-type=\"core\"><\/p>\n\n<p data-block-type=\"core\"><\/p>\n","protected":false},"excerpt":{"rendered":"<p>Regulamin WARDJet Inc. WARDJet INC. (\u201eWARDJet\u201d, \u201eMY\u201d LUB \u201eNAM\u201d) Strona internetowa Warunki korzystania WARUNKI OKRE\u015aLONE PONI\u017bEJ (\u201eWARUNKI\u201d) REGULUJ\u0104 KORZYSTANIE Z NINIEJSZEJ WITRYNY W \u015aWIECIE. NINIEJSZE WARUNKI STANOWI\u0104 UMOW\u0118 PRAWN\u0104 POMI\u0118DZY U\u017bYTKOWNIKIEM A WARDJet I REGULUJ\u0104 U\u017bYTKOWNIKA DOST\u0118PU I KORZYSTANIA Z WITRYNY WARDJet ZNAJDUJ\u0104CEJ SI\u0118 POD adresem www.wardjet.com RAZEM Z US\u0141UGAMI I PRODUKTAMI DOST\u0118PNYMI ZA PO\u015aREDNICTWEM [&hellip;]<\/p>\n","protected":false},"author":11,"featured_media":0,"parent":0,"menu_order":0,"comment_status":"closed","ping_status":"closed","template":"wardjet-text.php","meta":{"_acf_changed":false,"inline_featured_image":false,"footnotes":"","_links_to":"","_links_to_target":""},"class_list":["post-7318","page","type-page","status-publish","hentry"],"acf":[],"_links":{"self":[{"href":"https:\/\/www.wardjet.com\/pl\/wp-json\/wp\/v2\/pages\/7318"}],"collection":[{"href":"https:\/\/www.wardjet.com\/pl\/wp-json\/wp\/v2\/pages"}],"about":[{"href":"https:\/\/www.wardjet.com\/pl\/wp-json\/wp\/v2\/types\/page"}],"author":[{"embeddable":true,"href":"https:\/\/www.wardjet.com\/pl\/wp-json\/wp\/v2\/users\/11"}],"replies":[{"embeddable":true,"href":"https:\/\/www.wardjet.com\/pl\/wp-json\/wp\/v2\/comments?post=7318"}],"version-history":[{"count":1,"href":"https:\/\/www.wardjet.com\/pl\/wp-json\/wp\/v2\/pages\/7318\/revisions"}],"predecessor-version":[{"id":7319,"href":"https:\/\/www.wardjet.com\/pl\/wp-json\/wp\/v2\/pages\/7318\/revisions\/7319"}],"wp:attachment":[{"href":"https:\/\/www.wardjet.com\/pl\/wp-json\/wp\/v2\/media?parent=7318"}],"curies":[{"name":"wp","href":"https:\/\/api.w.org\/{rel}","templated":true}]}}